{"id":16156,"date":"2025-08-15T07:06:07","date_gmt":"2025-08-15T07:06:07","guid":{"rendered":"https:\/\/immoonne.com\/?post_type=product&#038;p=16156"},"modified":"2025-09-28T07:03:42","modified_gmt":"2025-09-28T07:03:42","slug":"castor-ozonated-oil","status":"publish","type":"product","link":"https:\/\/immoonne.com\/it\/prodotto\/castor-ozonated-oil\/","title":{"rendered":"Ricino Olio ozonizzato"},"content":{"rendered":"<p><img fetchpriority=\"high\" decoding=\"async\" class=\"alignnone size-full wp-image-16410\" src=\"https:\/\/immoonne.com\/wp-content\/uploads\/2025\/08\/1-5-scaled.jpg\" alt=\"\" width=\"2560\" height=\"1583\" srcset=\"https:\/\/immoonne.com\/wp-content\/uploads\/2025\/08\/1-5-scaled.jpg 2560w, https:\/\/immoonne.com\/wp-content\/uploads\/2025\/08\/1-5-scaled-150x93.jpg 150w, https:\/\/immoonne.com\/wp-content\/uploads\/2025\/08\/1-5-scaled-1200x742.jpg 1200w, https:\/\/immoonne.com\/wp-content\/uploads\/2025\/08\/1-5-300x186.jpg 300w, https:\/\/immoonne.com\/wp-content\/uploads\/2025\/08\/1-5-1024x633.jpg 1024w, https:\/\/immoonne.com\/wp-content\/uploads\/2025\/08\/1-5-768x475.jpg 768w, https:\/\/immoonne.com\/wp-content\/uploads\/2025\/08\/1-5-1536x950.jpg 1536w, https:\/\/immoonne.com\/wp-content\/uploads\/2025\/08\/1-5-2048x1267.jpg 2048w\" sizes=\"(max-width: 2560px) 100vw, 2560px\" \/> <img decoding=\"async\" class=\"alignnone size-full wp-image-16411\" src=\"https:\/\/immoonne.com\/wp-content\/uploads\/2025\/08\/2-5-scaled.jpg\" alt=\"\" width=\"2560\" height=\"1583\" srcset=\"https:\/\/immoonne.com\/wp-content\/uploads\/2025\/08\/2-5-scaled.jpg 2560w, https:\/\/immoonne.com\/wp-content\/uploads\/2025\/08\/2-5-scaled-150x93.jpg 150w, https:\/\/immoonne.com\/wp-content\/uploads\/2025\/08\/2-5-scaled-1200x742.jpg 1200w, https:\/\/immoonne.com\/wp-content\/uploads\/2025\/08\/2-5-300x186.jpg 300w, https:\/\/immoonne.com\/wp-content\/uploads\/2025\/08\/2-5-1024x633.jpg 1024w, https:\/\/immoonne.com\/wp-content\/uploads\/2025\/08\/2-5-768x475.jpg 768w, https:\/\/immoonne.com\/wp-content\/uploads\/2025\/08\/2-5-1536x950.jpg 1536w, https:\/\/immoonne.com\/wp-content\/uploads\/2025\/08\/2-5-2048x1267.jpg 2048w\" sizes=\"(max-width: 2560px) 100vw, 2560px\" \/> <img decoding=\"async\" class=\"alignnone size-full wp-image-16412\" src=\"https:\/\/immoonne.com\/wp-content\/uploads\/2025\/08\/3-5-scaled.jpg\" alt=\"\" width=\"2560\" height=\"1583\" srcset=\"https:\/\/immoonne.com\/wp-content\/uploads\/2025\/08\/3-5-scaled.jpg 2560w, https:\/\/immoonne.com\/wp-content\/uploads\/2025\/08\/3-5-scaled-150x93.jpg 150w, https:\/\/immoonne.com\/wp-content\/uploads\/2025\/08\/3-5-scaled-1200x742.jpg 1200w, https:\/\/immoonne.com\/wp-content\/uploads\/2025\/08\/3-5-300x186.jpg 300w, https:\/\/immoonne.com\/wp-content\/uploads\/2025\/08\/3-5-1024x633.jpg 1024w, https:\/\/immoonne.com\/wp-content\/uploads\/2025\/08\/3-5-768x475.jpg 768w, https:\/\/immoonne.com\/wp-content\/uploads\/2025\/08\/3-5-1536x950.jpg 1536w, https:\/\/immoonne.com\/wp-content\/uploads\/2025\/08\/3-5-2048x1267.jpg 2048w\" sizes=\"(max-width: 2560px) 100vw, 2560px\" \/> <img loading=\"lazy\" decoding=\"async\" class=\"alignnone size-full wp-image-16413\" src=\"https:\/\/immoonne.com\/wp-content\/uploads\/2025\/08\/4-5-scaled.jpg\" alt=\"\" width=\"2560\" height=\"1583\" srcset=\"https:\/\/immoonne.com\/wp-content\/uploads\/2025\/08\/4-5-scaled.jpg 2560w, https:\/\/immoonne.com\/wp-content\/uploads\/2025\/08\/4-5-scaled-150x93.jpg 150w, https:\/\/immoonne.com\/wp-content\/uploads\/2025\/08\/4-5-scaled-1200x742.jpg 1200w, https:\/\/immoonne.com\/wp-content\/uploads\/2025\/08\/4-5-300x186.jpg 300w, https:\/\/immoonne.com\/wp-content\/uploads\/2025\/08\/4-5-1024x633.jpg 1024w, https:\/\/immoonne.com\/wp-content\/uploads\/2025\/08\/4-5-768x475.jpg 768w, https:\/\/immoonne.com\/wp-content\/uploads\/2025\/08\/4-5-1536x950.jpg 1536w, https:\/\/immoonne.com\/wp-content\/uploads\/2025\/08\/4-5-2048x1267.jpg 2048w\" sizes=\"(max-width: 2560px) 100vw, 2560px\" \/> <img loading=\"lazy\" decoding=\"async\" class=\"alignnone size-full wp-image-16414\" src=\"https:\/\/immoonne.com\/wp-content\/uploads\/2025\/08\/5-5-scaled.jpg\" alt=\"\" width=\"2560\" height=\"1583\" srcset=\"https:\/\/immoonne.com\/wp-content\/uploads\/2025\/08\/5-5-scaled.jpg 2560w, https:\/\/immoonne.com\/wp-content\/uploads\/2025\/08\/5-5-scaled-150x93.jpg 150w, https:\/\/immoonne.com\/wp-content\/uploads\/2025\/08\/5-5-scaled-1200x742.jpg 1200w, https:\/\/immoonne.com\/wp-content\/uploads\/2025\/08\/5-5-300x186.jpg 300w, https:\/\/immoonne.com\/wp-content\/uploads\/2025\/08\/5-5-1024x633.jpg 1024w, https:\/\/immoonne.com\/wp-content\/uploads\/2025\/08\/5-5-768x475.jpg 768w, https:\/\/immoonne.com\/wp-content\/uploads\/2025\/08\/5-5-1536x950.jpg 1536w, https:\/\/immoonne.com\/wp-content\/uploads\/2025\/08\/5-5-2048x1267.jpg 2048w\" sizes=\"(max-width: 2560px) 100vw, 2560px\" \/><\/p>","protected":false},"excerpt":{"rendered":"<p>L'olio di ricino, estratto dai semi di ricino, \u00e8 conosciuto come il \"millenario scrigno della medicina naturale\". L'olio di ricino IMMO combina l'olio di ricino biologico con l'ozono attivato per un'esperienza di pulizia e cura della pelle pi\u00f9 potente. L'olio di ricino, ricco di acido ricinoleico, linoleico e oleico, possiede propriet\u00e0 antisettiche, antinfiammatorie e analgesiche. Le potenti propriet\u00e0 ossidanti dell'ozono ne potenziano le propriet\u00e0 antibatteriche, analgesiche e nutrienti, rendendolo particolarmente adatto a ridurre cicatrici e rughe.<\/p>\n<p>L'olio di ricino \u00e8 naturalmente antibatterico e pu\u00f2 essere applicato direttamente su pelle e capelli. Abbinato al massaggio, aiuta a lenire e inibire i batteri, a migliorare l'elasticit\u00e0 della pelle e a ridurre efficacemente le smagliature, lasciando la pelle pi\u00f9 chiara e rivitalizzata. Utilizzato per l'idratazione quotidiana, per la cura del cuoio capelluto o per trattamenti topici, \u00e8 una scelta di vita naturale e sana.<\/p>","protected":false},"featured_media":16157,"comment_status":"open","ping_status":"closed","template":"","meta":{"_acf_changed":false},"product_brand":[],"product_cat":[71],"product_tag":[],"class_list":{"0":"post-16156","1":"product","2":"type-product","3":"status-publish","4":"has-post-thumbnail","6":"product_cat-ozonated-oil","8":"first","9":"instock","10":"purchasable","11":"product-type-simple"},"acf":[],"_links":{"self":[{"href":"https:\/\/immoonne.com\/it\/wp-json\/wp\/v2\/product\/16156","targetHints":{"allow":["GET"]}}],"collection":[{"href":"https:\/\/immoonne.com\/it\/wp-json\/wp\/v2\/product"}],"about":[{"href":"https:\/\/immoonne.com\/it\/wp-json\/wp\/v2\/types\/product"}],"replies":[{"embeddable":true,"href":"https:\/\/immoonne.com\/it\/wp-json\/wp\/v2\/comments?post=16156"}],"version-history":[{"count":5,"href":"https:\/\/immoonne.com\/it\/wp-json\/wp\/v2\/product\/16156\/revisions"}],"predecessor-version":[{"id":17065,"href":"https:\/\/immoonne.com\/it\/wp-json\/wp\/v2\/product\/16156\/revisions\/17065"}],"wp:featuredmedia":[{"embeddable":true,"href":"https:\/\/immoonne.com\/it\/wp-json\/wp\/v2\/media\/16157"}],"wp:attachment":[{"href":"https:\/\/immoonne.com\/it\/wp-json\/wp\/v2\/media?parent=16156"}],"wp:term":[{"taxonomy":"product_brand","embeddable":true,"href":"https:\/\/immoonne.com\/it\/wp-json\/wp\/v2\/product_brand?post=16156"},{"taxonomy":"product_cat","embeddable":true,"href":"https:\/\/immoonne.com\/it\/wp-json\/wp\/v2\/product_cat?post=16156"},{"taxonomy":"product_tag","embeddable":true,"href":"https:\/\/immoonne.com\/it\/wp-json\/wp\/v2\/product_tag?post=16156"}],"curies":[{"name":"wp","href":"https:\/\/api.w.org\/{rel}","templated":true}]}}