{"id":16579,"date":"2025-09-11T01:26:48","date_gmt":"2025-09-11T01:26:48","guid":{"rendered":"https:\/\/immoonne.com\/?post_type=product&#038;p=16579"},"modified":"2025-09-28T08:06:42","modified_gmt":"2025-09-28T08:06:42","slug":"deodorant","status":"publish","type":"product","link":"https:\/\/immoonne.com\/fr\/produit\/deodorant\/","title":{"rendered":"D\u00e9odorant naturel"},"content":{"rendered":"<p><img fetchpriority=\"high\" decoding=\"async\" class=\"alignnone size-full wp-image-16585\" src=\"https:\/\/immoonne.com\/wp-content\/uploads\/2025\/09\/6-scaled.jpg\" alt=\"\" width=\"2560\" height=\"1583\" srcset=\"https:\/\/immoonne.com\/wp-content\/uploads\/2025\/09\/6-scaled.jpg 2560w, https:\/\/immoonne.com\/wp-content\/uploads\/2025\/09\/6-scaled-150x93.jpg 150w, https:\/\/immoonne.com\/wp-content\/uploads\/2025\/09\/6-scaled-1200x742.jpg 1200w, https:\/\/immoonne.com\/wp-content\/uploads\/2025\/09\/6-300x186.jpg 300w, https:\/\/immoonne.com\/wp-content\/uploads\/2025\/09\/6-1024x633.jpg 1024w, https:\/\/immoonne.com\/wp-content\/uploads\/2025\/09\/6-768x475.jpg 768w, https:\/\/immoonne.com\/wp-content\/uploads\/2025\/09\/6-1536x950.jpg 1536w, https:\/\/immoonne.com\/wp-content\/uploads\/2025\/09\/6-2048x1267.jpg 2048w\" sizes=\"(max-width: 2560px) 100vw, 2560px\" \/> <img decoding=\"async\" class=\"alignnone size-full wp-image-16586\" src=\"https:\/\/immoonne.com\/wp-content\/uploads\/2025\/09\/7-scaled.jpg\" alt=\"\" width=\"2560\" height=\"1583\" srcset=\"https:\/\/immoonne.com\/wp-content\/uploads\/2025\/09\/7-scaled.jpg 2560w, https:\/\/immoonne.com\/wp-content\/uploads\/2025\/09\/7-scaled-150x93.jpg 150w, https:\/\/immoonne.com\/wp-content\/uploads\/2025\/09\/7-scaled-1200x742.jpg 1200w, https:\/\/immoonne.com\/wp-content\/uploads\/2025\/09\/7-300x186.jpg 300w, https:\/\/immoonne.com\/wp-content\/uploads\/2025\/09\/7-1024x633.jpg 1024w, https:\/\/immoonne.com\/wp-content\/uploads\/2025\/09\/7-768x475.jpg 768w, https:\/\/immoonne.com\/wp-content\/uploads\/2025\/09\/7-1536x950.jpg 1536w, https:\/\/immoonne.com\/wp-content\/uploads\/2025\/09\/7-2048x1267.jpg 2048w\" sizes=\"(max-width: 2560px) 100vw, 2560px\" \/> <img decoding=\"async\" class=\"alignnone size-full wp-image-16587\" src=\"https:\/\/immoonne.com\/wp-content\/uploads\/2025\/09\/8-scaled.jpg\" alt=\"\" width=\"2560\" height=\"1583\" srcset=\"https:\/\/immoonne.com\/wp-content\/uploads\/2025\/09\/8-scaled.jpg 2560w, https:\/\/immoonne.com\/wp-content\/uploads\/2025\/09\/8-scaled-150x93.jpg 150w, https:\/\/immoonne.com\/wp-content\/uploads\/2025\/09\/8-scaled-1200x742.jpg 1200w, https:\/\/immoonne.com\/wp-content\/uploads\/2025\/09\/8-300x186.jpg 300w, https:\/\/immoonne.com\/wp-content\/uploads\/2025\/09\/8-1024x633.jpg 1024w, https:\/\/immoonne.com\/wp-content\/uploads\/2025\/09\/8-768x475.jpg 768w, https:\/\/immoonne.com\/wp-content\/uploads\/2025\/09\/8-1536x950.jpg 1536w, https:\/\/immoonne.com\/wp-content\/uploads\/2025\/09\/8-2048x1267.jpg 2048w\" sizes=\"(max-width: 2560px) 100vw, 2560px\" \/> <img loading=\"lazy\" decoding=\"async\" class=\"alignnone size-full wp-image-16588\" src=\"https:\/\/immoonne.com\/wp-content\/uploads\/2025\/09\/9-scaled.jpg\" alt=\"\" width=\"2560\" height=\"1583\" srcset=\"https:\/\/immoonne.com\/wp-content\/uploads\/2025\/09\/9-scaled.jpg 2560w, https:\/\/immoonne.com\/wp-content\/uploads\/2025\/09\/9-scaled-150x93.jpg 150w, https:\/\/immoonne.com\/wp-content\/uploads\/2025\/09\/9-scaled-1200x742.jpg 1200w, https:\/\/immoonne.com\/wp-content\/uploads\/2025\/09\/9-300x186.jpg 300w, https:\/\/immoonne.com\/wp-content\/uploads\/2025\/09\/9-1024x633.jpg 1024w, https:\/\/immoonne.com\/wp-content\/uploads\/2025\/09\/9-768x475.jpg 768w, https:\/\/immoonne.com\/wp-content\/uploads\/2025\/09\/9-1536x950.jpg 1536w, https:\/\/immoonne.com\/wp-content\/uploads\/2025\/09\/9-2048x1267.jpg 2048w\" sizes=\"(max-width: 2560px) 100vw, 2560px\" \/> <img loading=\"lazy\" decoding=\"async\" class=\"alignnone size-full wp-image-16589\" src=\"https:\/\/immoonne.com\/wp-content\/uploads\/2025\/09\/10-scaled.jpg\" alt=\"\" width=\"2560\" height=\"1583\" srcset=\"https:\/\/immoonne.com\/wp-content\/uploads\/2025\/09\/10-scaled.jpg 2560w, https:\/\/immoonne.com\/wp-content\/uploads\/2025\/09\/10-scaled-150x93.jpg 150w, https:\/\/immoonne.com\/wp-content\/uploads\/2025\/09\/10-scaled-1200x742.jpg 1200w, https:\/\/immoonne.com\/wp-content\/uploads\/2025\/09\/10-300x186.jpg 300w, https:\/\/immoonne.com\/wp-content\/uploads\/2025\/09\/10-1024x633.jpg 1024w, https:\/\/immoonne.com\/wp-content\/uploads\/2025\/09\/10-768x475.jpg 768w, https:\/\/immoonne.com\/wp-content\/uploads\/2025\/09\/10-1536x950.jpg 1536w, https:\/\/immoonne.com\/wp-content\/uploads\/2025\/09\/10-2048x1267.jpg 2048w\" sizes=\"(max-width: 2560px) 100vw, 2560px\" \/><\/p>","protected":false},"excerpt":{"rendered":"<p>Le d\u00e9odorant IMMO est scientifiquement formul\u00e9 avec de l'huile d'arbre \u00e0 th\u00e9 pour une texture l\u00e9g\u00e8re et non grasse qui p\u00e9n\u00e8tre rapidement. L'oxyg\u00e8ne actif inhibe naturellement les bact\u00e9ries responsables des odeurs telles que Corynebacterium et Staphylococcus aureus, tandis que l'ozone actif tue un large spectre de champignons et de bact\u00e9ries ana\u00e9robies, bloquant ainsi la source des odeurs. Il supprime efficacement les bact\u00e9ries responsables des mauvaises odeurs dans la sueur, tout en contr\u00f4lant d\u00e9licatement la transpiration sans obstruer les pores. Il nourrit \u00e9galement la peau des aisselles, att\u00e9nuant les rougeurs, les gonflements et l'aspect terne apr\u00e8s le rasage. Il convient \u00e9galement aux peaux sensibles. Il convient aux personnes souffrant d'odeurs corporelles fortes, d'odeurs hormonales ou de probl\u00e8mes d'aisselles li\u00e9s \u00e0 des champignons, ce qui en fait un produit id\u00e9al pour les peaux sensibles qui r\u00e9agissent aux d\u00e9odorants traditionnels. Pour les adeptes des produits naturels qui en ont assez de ne pas \u00eatre \u00e0 la hauteur, il s'agit d'un produit \u00e0 essayer absolument. Plus s\u00fbr que les d\u00e9odorants traditionnels, il est exempt de sels d'aluminium, d'alcool et d'antitranspirants chimiques.<\/p>","protected":false},"featured_media":16580,"comment_status":"open","ping_status":"closed","template":"","meta":{"_acf_changed":false},"product_brand":[],"product_cat":[15],"product_tag":[],"class_list":{"0":"post-16579","1":"product","2":"type-product","3":"status-publish","4":"has-post-thumbnail","6":"product_cat-outdoors","8":"first","9":"instock","10":"purchasable","11":"product-type-simple"},"acf":[],"_links":{"self":[{"href":"https:\/\/immoonne.com\/fr\/wp-json\/wp\/v2\/product\/16579","targetHints":{"allow":["GET"]}}],"collection":[{"href":"https:\/\/immoonne.com\/fr\/wp-json\/wp\/v2\/product"}],"about":[{"href":"https:\/\/immoonne.com\/fr\/wp-json\/wp\/v2\/types\/product"}],"replies":[{"embeddable":true,"href":"https:\/\/immoonne.com\/fr\/wp-json\/wp\/v2\/comments?post=16579"}],"version-history":[{"count":3,"href":"https:\/\/immoonne.com\/fr\/wp-json\/wp\/v2\/product\/16579\/revisions"}],"predecessor-version":[{"id":17073,"href":"https:\/\/immoonne.com\/fr\/wp-json\/wp\/v2\/product\/16579\/revisions\/17073"}],"wp:featuredmedia":[{"embeddable":true,"href":"https:\/\/immoonne.com\/fr\/wp-json\/wp\/v2\/media\/16580"}],"wp:attachment":[{"href":"https:\/\/immoonne.com\/fr\/wp-json\/wp\/v2\/media?parent=16579"}],"wp:term":[{"taxonomy":"product_brand","embeddable":true,"href":"https:\/\/immoonne.com\/fr\/wp-json\/wp\/v2\/product_brand?post=16579"},{"taxonomy":"product_cat","embeddable":true,"href":"https:\/\/immoonne.com\/fr\/wp-json\/wp\/v2\/product_cat?post=16579"},{"taxonomy":"product_tag","embeddable":true,"href":"https:\/\/immoonne.com\/fr\/wp-json\/wp\/v2\/product_tag?post=16579"}],"curies":[{"name":"wp","href":"https:\/\/api.w.org\/{rel}","templated":true}]}}