{"id":16802,"date":"2025-09-12T08:55:45","date_gmt":"2025-09-12T08:55:45","guid":{"rendered":"https:\/\/immoonne.com\/?post_type=product&#038;p=16802"},"modified":"2025-09-28T08:17:44","modified_gmt":"2025-09-28T08:17:44","slug":"natural-antifungal-pen-2","status":"publish","type":"product","link":"https:\/\/immoonne.com\/es\/producto\/natural-antifungal-pen-2\/","title":{"rendered":"Pluma antif\u00fangica natural"},"content":{"rendered":"<p><img fetchpriority=\"high\" decoding=\"async\" class=\"alignnone size-full wp-image-16808\" src=\"https:\/\/immoonne.com\/wp-content\/uploads\/2025\/09\/6-7-scaled.jpg\" alt=\"\" width=\"2560\" height=\"1583\" srcset=\"https:\/\/immoonne.com\/wp-content\/uploads\/2025\/09\/6-7-scaled.jpg 2560w, https:\/\/immoonne.com\/wp-content\/uploads\/2025\/09\/6-7-scaled-150x93.jpg 150w, https:\/\/immoonne.com\/wp-content\/uploads\/2025\/09\/6-7-scaled-1200x742.jpg 1200w, https:\/\/immoonne.com\/wp-content\/uploads\/2025\/09\/6-7-300x186.jpg 300w, https:\/\/immoonne.com\/wp-content\/uploads\/2025\/09\/6-7-1024x633.jpg 1024w, https:\/\/immoonne.com\/wp-content\/uploads\/2025\/09\/6-7-768x475.jpg 768w, https:\/\/immoonne.com\/wp-content\/uploads\/2025\/09\/6-7-1536x950.jpg 1536w, https:\/\/immoonne.com\/wp-content\/uploads\/2025\/09\/6-7-2048x1267.jpg 2048w\" sizes=\"(max-width: 2560px) 100vw, 2560px\" \/> <img decoding=\"async\" class=\"alignnone size-full wp-image-16809\" src=\"https:\/\/immoonne.com\/wp-content\/uploads\/2025\/09\/7-7-scaled.jpg\" alt=\"\" width=\"2560\" height=\"1583\" srcset=\"https:\/\/immoonne.com\/wp-content\/uploads\/2025\/09\/7-7-scaled.jpg 2560w, https:\/\/immoonne.com\/wp-content\/uploads\/2025\/09\/7-7-scaled-150x93.jpg 150w, https:\/\/immoonne.com\/wp-content\/uploads\/2025\/09\/7-7-scaled-1200x742.jpg 1200w, https:\/\/immoonne.com\/wp-content\/uploads\/2025\/09\/7-7-300x186.jpg 300w, https:\/\/immoonne.com\/wp-content\/uploads\/2025\/09\/7-7-1024x633.jpg 1024w, https:\/\/immoonne.com\/wp-content\/uploads\/2025\/09\/7-7-768x475.jpg 768w, https:\/\/immoonne.com\/wp-content\/uploads\/2025\/09\/7-7-1536x950.jpg 1536w, https:\/\/immoonne.com\/wp-content\/uploads\/2025\/09\/7-7-2048x1267.jpg 2048w\" sizes=\"(max-width: 2560px) 100vw, 2560px\" \/> <img decoding=\"async\" class=\"alignnone size-full wp-image-16810\" src=\"https:\/\/immoonne.com\/wp-content\/uploads\/2025\/09\/8-7-scaled.jpg\" alt=\"\" width=\"2560\" height=\"1583\" srcset=\"https:\/\/immoonne.com\/wp-content\/uploads\/2025\/09\/8-7-scaled.jpg 2560w, https:\/\/immoonne.com\/wp-content\/uploads\/2025\/09\/8-7-scaled-150x93.jpg 150w, https:\/\/immoonne.com\/wp-content\/uploads\/2025\/09\/8-7-scaled-1200x742.jpg 1200w, https:\/\/immoonne.com\/wp-content\/uploads\/2025\/09\/8-7-300x186.jpg 300w, https:\/\/immoonne.com\/wp-content\/uploads\/2025\/09\/8-7-1024x633.jpg 1024w, https:\/\/immoonne.com\/wp-content\/uploads\/2025\/09\/8-7-768x475.jpg 768w, https:\/\/immoonne.com\/wp-content\/uploads\/2025\/09\/8-7-1536x950.jpg 1536w, https:\/\/immoonne.com\/wp-content\/uploads\/2025\/09\/8-7-2048x1267.jpg 2048w\" sizes=\"(max-width: 2560px) 100vw, 2560px\" \/> <img loading=\"lazy\" decoding=\"async\" class=\"alignnone size-full wp-image-16811\" src=\"https:\/\/immoonne.com\/wp-content\/uploads\/2025\/09\/9-7-scaled.jpg\" alt=\"\" width=\"2560\" height=\"1583\" srcset=\"https:\/\/immoonne.com\/wp-content\/uploads\/2025\/09\/9-7-scaled.jpg 2560w, https:\/\/immoonne.com\/wp-content\/uploads\/2025\/09\/9-7-scaled-150x93.jpg 150w, https:\/\/immoonne.com\/wp-content\/uploads\/2025\/09\/9-7-scaled-1200x742.jpg 1200w, https:\/\/immoonne.com\/wp-content\/uploads\/2025\/09\/9-7-300x186.jpg 300w, https:\/\/immoonne.com\/wp-content\/uploads\/2025\/09\/9-7-1024x633.jpg 1024w, https:\/\/immoonne.com\/wp-content\/uploads\/2025\/09\/9-7-768x475.jpg 768w, https:\/\/immoonne.com\/wp-content\/uploads\/2025\/09\/9-7-1536x950.jpg 1536w, https:\/\/immoonne.com\/wp-content\/uploads\/2025\/09\/9-7-2048x1267.jpg 2048w\" sizes=\"(max-width: 2560px) 100vw, 2560px\" \/> <img loading=\"lazy\" decoding=\"async\" class=\"alignnone size-full wp-image-16812\" src=\"https:\/\/immoonne.com\/wp-content\/uploads\/2025\/09\/10-7-scaled.jpg\" alt=\"\" width=\"2560\" height=\"1583\" srcset=\"https:\/\/immoonne.com\/wp-content\/uploads\/2025\/09\/10-7-scaled.jpg 2560w, https:\/\/immoonne.com\/wp-content\/uploads\/2025\/09\/10-7-scaled-150x93.jpg 150w, https:\/\/immoonne.com\/wp-content\/uploads\/2025\/09\/10-7-scaled-1200x742.jpg 1200w, https:\/\/immoonne.com\/wp-content\/uploads\/2025\/09\/10-7-300x186.jpg 300w, https:\/\/immoonne.com\/wp-content\/uploads\/2025\/09\/10-7-1024x633.jpg 1024w, https:\/\/immoonne.com\/wp-content\/uploads\/2025\/09\/10-7-768x475.jpg 768w, https:\/\/immoonne.com\/wp-content\/uploads\/2025\/09\/10-7-1536x950.jpg 1536w, https:\/\/immoonne.com\/wp-content\/uploads\/2025\/09\/10-7-2048x1267.jpg 2048w\" sizes=\"(max-width: 2560px) 100vw, 2560px\" \/><\/p>","protected":false},"excerpt":{"rendered":"<p>Apoyo antif\u00fangico: El aceite de aguacate combinado con el ozono oxida eficazmente los hongos, mientras que los ingredientes antif\u00fangicos naturales trabajan sin\u00e9rgicamente para penetrar profundamente en la capa de la u\u00f1a.<br \/>\nMezcla bot\u00e1nica: Contiene aceite de aguacate y aceite de t\u00e9. Estos aceites vegetales son conocidos tradicionalmente por reforzar las defensas naturales de la piel y trabajar en sinergia con los ingredientes activos para promover un entorno cut\u00e1neo equilibrado. Especialmente formulado con aceite de aguacate nutritivo, es adecuado para el cuidado de las u\u00f1as de las personas mayores con metabolismo lento.<br \/>\nF\u00e1cil de usar: Dise\u00f1ado con un aplicador de bol\u00edgrafo de precisi\u00f3n para una aplicaci\u00f3n precisa y sin residuos, garantizando una cobertura y comodidad \u00f3ptimas.<br \/>\nF\u00f3rmula de r\u00e1pida absorci\u00f3n: Penetra profundamente para combatir los hongos, atacando las causas de ra\u00edz del engrosamiento, la decoloraci\u00f3n, el agrietamiento y las u\u00f1as quebradizas. Utilizado junto con el cuidado diario de las u\u00f1as, crea u\u00f1as sanas y promueve la restauraci\u00f3n de u\u00f1as claras y definidas.<\/p>","protected":false},"featured_media":16803,"comment_status":"open","ping_status":"closed","template":"","meta":{"_acf_changed":false},"product_brand":[],"product_cat":[74],"product_tag":[],"class_list":{"0":"post-16802","1":"product","2":"type-product","3":"status-publish","4":"has-post-thumbnail","6":"product_cat-geriatric-care","8":"first","9":"instock","10":"purchasable","11":"product-type-simple"},"acf":[],"_links":{"self":[{"href":"https:\/\/immoonne.com\/es\/wp-json\/wp\/v2\/product\/16802","targetHints":{"allow":["GET"]}}],"collection":[{"href":"https:\/\/immoonne.com\/es\/wp-json\/wp\/v2\/product"}],"about":[{"href":"https:\/\/immoonne.com\/es\/wp-json\/wp\/v2\/types\/product"}],"replies":[{"embeddable":true,"href":"https:\/\/immoonne.com\/es\/wp-json\/wp\/v2\/comments?post=16802"}],"version-history":[{"count":1,"href":"https:\/\/immoonne.com\/es\/wp-json\/wp\/v2\/product\/16802\/revisions"}],"predecessor-version":[{"id":16813,"href":"https:\/\/immoonne.com\/es\/wp-json\/wp\/v2\/product\/16802\/revisions\/16813"}],"wp:featuredmedia":[{"embeddable":true,"href":"https:\/\/immoonne.com\/es\/wp-json\/wp\/v2\/media\/16803"}],"wp:attachment":[{"href":"https:\/\/immoonne.com\/es\/wp-json\/wp\/v2\/media?parent=16802"}],"wp:term":[{"taxonomy":"product_brand","embeddable":true,"href":"https:\/\/immoonne.com\/es\/wp-json\/wp\/v2\/product_brand?post=16802"},{"taxonomy":"product_cat","embeddable":true,"href":"https:\/\/immoonne.com\/es\/wp-json\/wp\/v2\/product_cat?post=16802"},{"taxonomy":"product_tag","embeddable":true,"href":"https:\/\/immoonne.com\/es\/wp-json\/wp\/v2\/product_tag?post=16802"}],"curies":[{"name":"wp","href":"https:\/\/api.w.org\/{rel}","templated":true}]}}